{"id":165,"date":"2025-03-11T11:24:22","date_gmt":"2025-03-11T10:24:22","guid":{"rendered":"https:\/\/prep.prezode-initiative.org\/?page_id=165"},"modified":"2025-05-09T15:49:17","modified_gmt":"2025-05-09T13:49:17","slug":"context-and-history","status":"publish","type":"page","link":"https:\/\/prep.prezode-initiative.org\/en\/context-and-history\/","title":{"rendered":"Background"},"content":{"rendered":"\n<h2 class=\"wp-block-heading has-tertiary-color has-text-color has-link-color wp-elements-0c5a7ca81c62cf40eeea81b08b32955d\"><strong>PREZODE was established in early 2021 within COVID-19 pandemic context, to support international organisations and countries across the globe, particularly low-income countries, to prevent the emergence and spread of zoonotic diseases. The article below presents the initiative\u2019s context. <\/strong><\/h2>\n\n\n\n<p><\/p>\n\n\n\n<p class=\"is-style-default\" style=\"font-size:17px\"><strong>Published in <a href=\"https:\/\/www.thelancet.com\/journals\/lancet\/article\/PIIS0140-6736(21)00265-8\/fulltext\">the Lancet<\/a>, it is cosigned by PREZODE cofounders Marisa Peyre, Gwena\u00ebl Vourc&#8217;h, Thierry Lefran\u00e7ois, Yves Martin-Prevel, Jean-Fran\u00e7ois Soussana and Benjamin Roche.<\/strong><\/p>\n\n\n\n<p><\/p>\n\n\n\n<p>As of mid-February 2021, the&nbsp;<a href=\"https:\/\/www.who.int\/emergencies\/diseases\/novel-coronavirus-2019\">SARS-CoV-2<\/a>&nbsp;virus had killed approximately 2 million people worldwide and caused profound economic damage. The ultimate consequences of this crisis are difficult to predict but, from sanitary, economic, sociological, and ecological perspectives, the toll is already substantial. Nevertheless, this threat is not new. Concerns over a global pandemic have arisen many times before, so most countries already had emergency preparedness plans in place. However, the limitations of these have been exposed by the current coronavirus pandemic.&nbsp;The reasons for these inadequacies are many, and point towards one misconception: contrary to current approaches, prevention strategies should be implemented before the disease emerges within human populations.<\/p>\n\n\n\n<p><\/p>\n\n\n\n<h3 class=\"wp-block-heading has-tertiary-color has-text-color has-link-color wp-elements-2aa1d6d72f67d15087e4ddd0b1363c64\">Bring together a multidisciplinary community of researchers and actors<br><\/h3>\n\n\n\n<p>During the last several decades, pathogen screening has been developed to anticipate the next pandemic. Although isolating new wildlife-borne pathogens is still important, it is not enough to prevent them from emerging. It is time to take a step forward\u2014namely, by jointly deploying academic research, intersectoral collaboration in the field, and the engagement of operational actors on the front lines of outbreaks\u2014to envision prevention strategies that lead to the reduction of risks of emergence.<\/p>\n\n\n\n<p><\/p>\n\n\n\n<h3 class=\"wp-block-heading has-tertiary-color has-text-color has-link-color wp-elements-7cc372278c6ef377069e4d9fd149e2f4\">A Scientific Agenda built through a participative and co-constructive process<br><\/h3>\n\n\n\n<p>Such a scheme is at the heart of the PREventing ZOonotic Disease Emergence (PREZODE) initiative, a French brainchild that has attracted the interest of the Tripartite Alliance (Food and Agriculture Organization of the UN, World Organisation for Animal Health, and WHO), as well as the UN Environment Programme, the World Bank, the European Commission, and partner countries. Announced at the One Planet Summit on Jan 11, 2021, the PREZODE initiative was prepared through a series of online workshops that convened nearly 400 researchers and public health authorities from 50 countries on all five continents.&nbsp;<\/p>\n\n\n\n<p>PREZODE held <a href=\"https:\/\/prep.prezode-initiative.org\/en\/workshops\/\">co-construction <\/a><a href=\"https:\/\/prep.prezode-initiative.org\/en\/workshops\/\" target=\"_blank\" rel=\"noreferrer noopener\">workshops<\/a> in 2021 and 2022 in nine areas in the world<a href=\"about:blank\"><strong><sup>[1]<\/sup><\/strong><\/a>, to build its scientific agenda. Approximately 1,800 contributors from 128 countries were identified throughout the different workshops. In addition to the international scale of this process, different sectors were represented among participants\/actors, which brought an intersectoral scale to the co-construction process.<\/p>\n\n\n\n<div class=\"wp-block-buttons is-layout-flex wp-block-buttons-is-layout-flex\">\n<div class=\"wp-block-button\"><a class=\"wp-block-button__link has-background-color has-text-color has-background has-link-color wp-element-button\" href=\"https:\/\/prep.prezode-initiative.org\/en\/workshops\/\" style=\"background-color:#db541a\">See the workshops reports<\/a><\/div>\n<\/div>\n\n\n\n<p><\/p>\n\n\n\n<p><\/p>\n\n\n\n<p><em><a href=\"about:blank\"><strong>[1]<\/strong><\/a>&nbsp;Central Africa, Europe, the Indian Ocean, Latin America and the Caribbean, Northern Africa\/Middle East, Southern Asia, Southeast Asia\/East Asia and the Pacific, Southern, and Eastern Africa, USA\/Canada, and Western Africa.<\/em><\/p>\n\n\n\n<p><\/p>\n","protected":false},"excerpt":{"rendered":"<p>PREZODE was established in early 2021 within COVID-19 pandemic context, to support international organisations and countries across the globe, particularly low-income countries, to prevent the emergence and spread of zoonotic diseases. The article below presents the initiative\u2019s context. Published in the Lancet, it is cosigned by PREZODE cofounders Marisa Peyre, Gwena\u00ebl Vourc&#8217;h, Thierry Lefran\u00e7ois, Yves<a href=\"https:\/\/prep.prezode-initiative.org\/en\/context-and-history\/\">Continue reading <span class=\"sr-only\">&#8220;Background&#8221;<\/span><\/a><\/p>\n","protected":false},"author":1,"featured_media":591,"parent":0,"menu_order":0,"comment_status":"closed","ping_status":"closed","template":"template-pages\/article-page.php","meta":{"_acf_changed":false,"footnotes":""},"class_list":["post-165","page","type-page","status-publish","has-post-thumbnail","hentry"],"acf":[],"yoast_head":"<!-- This site is optimized with the Yoast SEO plugin v27.6 - https:\/\/yoast.com\/product\/yoast-seo-wordpress\/ -->\n<title>Background - Prezode<\/title>\n<meta name=\"robots\" content=\"index, follow, max-snippet:-1, max-image-preview:large, max-video-preview:-1\" \/>\n<link rel=\"canonical\" href=\"https:\/\/prep.prezode-initiative.org\/en\/context-and-history\/\" \/>\n<meta property=\"og:locale\" content=\"en_US\" \/>\n<meta property=\"og:type\" content=\"article\" \/>\n<meta property=\"og:title\" content=\"Background - Prezode\" \/>\n<meta property=\"og:description\" content=\"PREZODE was established in early 2021 within COVID-19 pandemic context, to support international organisations and countries across the globe, particularly low-income countries, to prevent the emergence and spread of zoonotic diseases. The article below presents the initiative\u2019s context. Published in the Lancet, it is cosigned by PREZODE cofounders Marisa Peyre, Gwena\u00ebl Vourc&#8217;h, Thierry Lefran\u00e7ois, YvesContinue reading &quot;Background&quot;\" \/>\n<meta property=\"og:url\" content=\"https:\/\/prep.prezode-initiative.org\/en\/context-and-history\/\" \/>\n<meta property=\"og:site_name\" content=\"Prezode\" \/>\n<meta property=\"article:modified_time\" content=\"2025-05-09T13:49:17+00:00\" \/>\n<meta property=\"og:image\" content=\"https:\/\/prep.prezode-initiative.org\/wp-content\/uploads\/2025\/03\/The-inititative-scaled.jpg\" \/>\n\t<meta property=\"og:image:width\" content=\"2560\" \/>\n\t<meta property=\"og:image:height\" content=\"512\" \/>\n\t<meta property=\"og:image:type\" content=\"image\/jpeg\" \/>\n<meta name=\"twitter:card\" content=\"summary_large_image\" \/>\n<meta name=\"twitter:label1\" content=\"Est. reading time\" \/>\n\t<meta name=\"twitter:data1\" content=\"3 minutes\" \/>\n<script type=\"application\/ld+json\" class=\"yoast-schema-graph\">{\"@context\":\"https:\\\/\\\/schema.org\",\"@graph\":[{\"@type\":\"WebPage\",\"@id\":\"https:\\\/\\\/prep.prezode-initiative.org\\\/en\\\/context-and-history\\\/\",\"url\":\"https:\\\/\\\/prep.prezode-initiative.org\\\/en\\\/context-and-history\\\/\",\"name\":\"Background - Prezode\",\"isPartOf\":{\"@id\":\"https:\\\/\\\/prep.prezode-initiative.org\\\/en\\\/#website\"},\"primaryImageOfPage\":{\"@id\":\"https:\\\/\\\/prep.prezode-initiative.org\\\/en\\\/context-and-history\\\/#primaryimage\"},\"image\":{\"@id\":\"https:\\\/\\\/prep.prezode-initiative.org\\\/en\\\/context-and-history\\\/#primaryimage\"},\"thumbnailUrl\":\"https:\\\/\\\/prep.prezode-initiative.org\\\/wp-content\\\/uploads\\\/2025\\\/03\\\/The-inititative-scaled.jpg\",\"datePublished\":\"2025-03-11T10:24:22+00:00\",\"dateModified\":\"2025-05-09T13:49:17+00:00\",\"breadcrumb\":{\"@id\":\"https:\\\/\\\/prep.prezode-initiative.org\\\/en\\\/context-and-history\\\/#breadcrumb\"},\"inLanguage\":\"en-US\",\"potentialAction\":[{\"@type\":\"ReadAction\",\"target\":[\"https:\\\/\\\/prep.prezode-initiative.org\\\/en\\\/context-and-history\\\/\"]}]},{\"@type\":\"ImageObject\",\"inLanguage\":\"en-US\",\"@id\":\"https:\\\/\\\/prep.prezode-initiative.org\\\/en\\\/context-and-history\\\/#primaryimage\",\"url\":\"https:\\\/\\\/prep.prezode-initiative.org\\\/wp-content\\\/uploads\\\/2025\\\/03\\\/The-inititative-scaled.jpg\",\"contentUrl\":\"https:\\\/\\\/prep.prezode-initiative.org\\\/wp-content\\\/uploads\\\/2025\\\/03\\\/The-inititative-scaled.jpg\",\"width\":2560,\"height\":512},{\"@type\":\"BreadcrumbList\",\"@id\":\"https:\\\/\\\/prep.prezode-initiative.org\\\/en\\\/context-and-history\\\/#breadcrumb\",\"itemListElement\":[{\"@type\":\"ListItem\",\"position\":1,\"name\":\"Home\",\"item\":\"https:\\\/\\\/prep.prezode-initiative.org\\\/en\\\/\"},{\"@type\":\"ListItem\",\"position\":2,\"name\":\"Background\"}]},{\"@type\":\"WebSite\",\"@id\":\"https:\\\/\\\/prep.prezode-initiative.org\\\/en\\\/#website\",\"url\":\"https:\\\/\\\/prep.prezode-initiative.org\\\/en\\\/\",\"name\":\"Prezode\",\"description\":\"\",\"publisher\":{\"@id\":\"https:\\\/\\\/prep.prezode-initiative.org\\\/en\\\/#organization\"},\"potentialAction\":[{\"@type\":\"SearchAction\",\"target\":{\"@type\":\"EntryPoint\",\"urlTemplate\":\"https:\\\/\\\/prep.prezode-initiative.org\\\/en\\\/?s={search_term_string}\"},\"query-input\":{\"@type\":\"PropertyValueSpecification\",\"valueRequired\":true,\"valueName\":\"search_term_string\"}}],\"inLanguage\":\"en-US\"},{\"@type\":\"Organization\",\"@id\":\"https:\\\/\\\/prep.prezode-initiative.org\\\/en\\\/#organization\",\"name\":\"Prezode\",\"url\":\"https:\\\/\\\/prep.prezode-initiative.org\\\/en\\\/\",\"logo\":{\"@type\":\"ImageObject\",\"inLanguage\":\"en-US\",\"@id\":\"https:\\\/\\\/prep.prezode-initiative.org\\\/en\\\/#\\\/schema\\\/logo\\\/image\\\/\",\"url\":\"https:\\\/\\\/prep.prezode-initiative.org\\\/wp-content\\\/uploads\\\/2025\\\/02\\\/logo.png\",\"contentUrl\":\"https:\\\/\\\/prep.prezode-initiative.org\\\/wp-content\\\/uploads\\\/2025\\\/02\\\/logo.png\",\"width\":168,\"height\":118,\"caption\":\"Prezode\"},\"image\":{\"@id\":\"https:\\\/\\\/prep.prezode-initiative.org\\\/en\\\/#\\\/schema\\\/logo\\\/image\\\/\"}}]}<\/script>\n<!-- \/ Yoast SEO plugin. -->","yoast_head_json":{"title":"Background - Prezode","robots":{"index":"index","follow":"follow","max-snippet":"max-snippet:-1","max-image-preview":"max-image-preview:large","max-video-preview":"max-video-preview:-1"},"canonical":"https:\/\/prep.prezode-initiative.org\/en\/context-and-history\/","og_locale":"en_US","og_type":"article","og_title":"Background - Prezode","og_description":"PREZODE was established in early 2021 within COVID-19 pandemic context, to support international organisations and countries across the globe, particularly low-income countries, to prevent the emergence and spread of zoonotic diseases. The article below presents the initiative\u2019s context. Published in the Lancet, it is cosigned by PREZODE cofounders Marisa Peyre, Gwena\u00ebl Vourc&#8217;h, Thierry Lefran\u00e7ois, YvesContinue reading \"Background\"","og_url":"https:\/\/prep.prezode-initiative.org\/en\/context-and-history\/","og_site_name":"Prezode","article_modified_time":"2025-05-09T13:49:17+00:00","og_image":[{"width":2560,"height":512,"url":"https:\/\/prep.prezode-initiative.org\/wp-content\/uploads\/2025\/03\/The-inititative-scaled.jpg","type":"image\/jpeg"}],"twitter_card":"summary_large_image","twitter_misc":{"Est. reading time":"3 minutes"},"schema":{"@context":"https:\/\/schema.org","@graph":[{"@type":"WebPage","@id":"https:\/\/prep.prezode-initiative.org\/en\/context-and-history\/","url":"https:\/\/prep.prezode-initiative.org\/en\/context-and-history\/","name":"Background - Prezode","isPartOf":{"@id":"https:\/\/prep.prezode-initiative.org\/en\/#website"},"primaryImageOfPage":{"@id":"https:\/\/prep.prezode-initiative.org\/en\/context-and-history\/#primaryimage"},"image":{"@id":"https:\/\/prep.prezode-initiative.org\/en\/context-and-history\/#primaryimage"},"thumbnailUrl":"https:\/\/prep.prezode-initiative.org\/wp-content\/uploads\/2025\/03\/The-inititative-scaled.jpg","datePublished":"2025-03-11T10:24:22+00:00","dateModified":"2025-05-09T13:49:17+00:00","breadcrumb":{"@id":"https:\/\/prep.prezode-initiative.org\/en\/context-and-history\/#breadcrumb"},"inLanguage":"en-US","potentialAction":[{"@type":"ReadAction","target":["https:\/\/prep.prezode-initiative.org\/en\/context-and-history\/"]}]},{"@type":"ImageObject","inLanguage":"en-US","@id":"https:\/\/prep.prezode-initiative.org\/en\/context-and-history\/#primaryimage","url":"https:\/\/prep.prezode-initiative.org\/wp-content\/uploads\/2025\/03\/The-inititative-scaled.jpg","contentUrl":"https:\/\/prep.prezode-initiative.org\/wp-content\/uploads\/2025\/03\/The-inititative-scaled.jpg","width":2560,"height":512},{"@type":"BreadcrumbList","@id":"https:\/\/prep.prezode-initiative.org\/en\/context-and-history\/#breadcrumb","itemListElement":[{"@type":"ListItem","position":1,"name":"Home","item":"https:\/\/prep.prezode-initiative.org\/en\/"},{"@type":"ListItem","position":2,"name":"Background"}]},{"@type":"WebSite","@id":"https:\/\/prep.prezode-initiative.org\/en\/#website","url":"https:\/\/prep.prezode-initiative.org\/en\/","name":"Prezode","description":"","publisher":{"@id":"https:\/\/prep.prezode-initiative.org\/en\/#organization"},"potentialAction":[{"@type":"SearchAction","target":{"@type":"EntryPoint","urlTemplate":"https:\/\/prep.prezode-initiative.org\/en\/?s={search_term_string}"},"query-input":{"@type":"PropertyValueSpecification","valueRequired":true,"valueName":"search_term_string"}}],"inLanguage":"en-US"},{"@type":"Organization","@id":"https:\/\/prep.prezode-initiative.org\/en\/#organization","name":"Prezode","url":"https:\/\/prep.prezode-initiative.org\/en\/","logo":{"@type":"ImageObject","inLanguage":"en-US","@id":"https:\/\/prep.prezode-initiative.org\/en\/#\/schema\/logo\/image\/","url":"https:\/\/prep.prezode-initiative.org\/wp-content\/uploads\/2025\/02\/logo.png","contentUrl":"https:\/\/prep.prezode-initiative.org\/wp-content\/uploads\/2025\/02\/logo.png","width":168,"height":118,"caption":"Prezode"},"image":{"@id":"https:\/\/prep.prezode-initiative.org\/en\/#\/schema\/logo\/image\/"}}]}},"_links":{"self":[{"href":"https:\/\/prep.prezode-initiative.org\/en\/wp-json\/wp\/v2\/pages\/165","targetHints":{"allow":["GET"]}}],"collection":[{"href":"https:\/\/prep.prezode-initiative.org\/en\/wp-json\/wp\/v2\/pages"}],"about":[{"href":"https:\/\/prep.prezode-initiative.org\/en\/wp-json\/wp\/v2\/types\/page"}],"author":[{"embeddable":true,"href":"https:\/\/prep.prezode-initiative.org\/en\/wp-json\/wp\/v2\/users\/1"}],"replies":[{"embeddable":true,"href":"https:\/\/prep.prezode-initiative.org\/en\/wp-json\/wp\/v2\/comments?post=165"}],"version-history":[{"count":24,"href":"https:\/\/prep.prezode-initiative.org\/en\/wp-json\/wp\/v2\/pages\/165\/revisions"}],"predecessor-version":[{"id":2730,"href":"https:\/\/prep.prezode-initiative.org\/en\/wp-json\/wp\/v2\/pages\/165\/revisions\/2730"}],"wp:featuredmedia":[{"embeddable":true,"href":"https:\/\/prep.prezode-initiative.org\/en\/wp-json\/wp\/v2\/media\/591"}],"wp:attachment":[{"href":"https:\/\/prep.prezode-initiative.org\/en\/wp-json\/wp\/v2\/media?parent=165"}],"curies":[{"name":"wp","href":"https:\/\/api.w.org\/{rel}","templated":true}]}}